{"id":181,"date":"2024-08-05T13:05:26","date_gmt":"2024-08-05T11:05:26","guid":{"rendered":"https:\/\/office-walker.com\/walking-pad-stromkosten-rechner\/"},"modified":"2025-02-28T15:02:46","modified_gmt":"2025-02-28T14:02:46","slug":"walking-pad-stromkosten-rechner","status":"publish","type":"page","link":"https:\/\/office-walker.com\/de\/walking-pad-stromkosten-rechner\/","title":{"rendered":"Walking Pad &#8211; Stromkosten-Rechner"},"content":{"rendered":"\n<p class=\"wp-block-paragraph\">Der Energieverbrauch eines Walking Pad oder Schreibtisch-Laufband variiert in der Regel je nach Modell und Nutzungsintensit\u00e4t. Im Durchschnitt verbraucht ein solches Laufband jedoch zwischen 0,3 kWh und 0,75 kWh pro Stunde. Hier ist eine Absch\u00e4tzung f\u00fcr verschiedene Szenarien:  <\/p>\n\n<ul class=\"wp-block-list\">\n<li><strong>Hohe Nutzungsintensit\u00e4t (z. B. schnelleres Gehen oder Joggen):<\/strong> Etwa 0,65 bis 0,75 kWh pro Stunde.<\/li>\n\n\n\n<li><strong>Geringe Nutzungsintensit\u00e4t (z. B. langsames Gehen):<\/strong> Etwa 0,3 bis 0,5 kWh pro Stunde.<\/li>\n\n\n\n<li><strong>M\u00e4\u00dfige Nutzungsintensit\u00e4t:<\/strong> Etwa 0,5 bis 0,65 kWh pro Stunde.<\/li>\n<\/ul>\n\n<p class=\"wp-block-paragraph\">Je nach t\u00e4glicher Nutzung und Strompreisen k\u00f6nnen die j\u00e4hrlichen Kosten Hunderte von Euro betragen. Hier ist ein Rechner, mit dem du die j\u00e4hrlichen Kosten f\u00fcr verschiedene Szenarien absch\u00e4tzen kannst. <\/p>\n<div id=\"walking-pad-calculator\" data-country=\"US\"><\/div>\n\n                <div class=\"ml-embedded\" data-form=\"YronXo\"><\/div>\n            \n","protected":false},"excerpt":{"rendered":"<p>Der Energieverbrauch eines Walking Pad oder Schreibtisch-Laufband variiert in der Regel je nach Modell und Nutzungsintensit\u00e4t. Im Durchschnitt verbraucht ein solches Laufband jedoch zwischen 0,3 kWh und 0,75 kWh pro Stunde. Hier ist eine Absch\u00e4tzung f\u00fcr verschiedene Szenarien: Je nach t\u00e4glicher Nutzung und Strompreisen k\u00f6nnen die j\u00e4hrlichen Kosten Hunderte von Euro betragen. Hier ist ein [&hellip;]<\/p>\n","protected":false},"author":253102981,"featured_media":0,"parent":0,"menu_order":0,"comment_status":"closed","ping_status":"closed","template":"","meta":{"_crdt_document":"","jetpack_post_was_ever_published":true,"footnotes":""},"class_list":["post-181","page","type-page","status-publish","hentry"],"yoast_head":"<!-- This site is optimized with the Yoast SEO plugin v27.3 - https:\/\/yoast.com\/product\/yoast-seo-wordpress\/ -->\n<title>Walking Pad - Stromkosten-Rechner - Office Walker<\/title>\n<meta name=\"robots\" content=\"index, follow, max-snippet:-1, max-image-preview:large, max-video-preview:-1\" \/>\n<link rel=\"canonical\" href=\"https:\/\/office-walker.com\/de\/walking-pad-stromkosten-rechner\/\" \/>\n<meta property=\"og:locale\" content=\"de_DE\" \/>\n<meta property=\"og:type\" content=\"article\" \/>\n<meta property=\"og:title\" content=\"Walking Pad - Stromkosten-Rechner - Office Walker\" \/>\n<meta property=\"og:description\" content=\"Der Energieverbrauch eines Walking Pad oder Schreibtisch-Laufband variiert in der Regel je nach Modell und Nutzungsintensit\u00e4t. Im Durchschnitt verbraucht ein solches Laufband jedoch zwischen 0,3 kWh und 0,75 kWh pro Stunde. Hier ist eine Absch\u00e4tzung f\u00fcr verschiedene Szenarien: Je nach t\u00e4glicher Nutzung und Strompreisen k\u00f6nnen die j\u00e4hrlichen Kosten Hunderte von Euro betragen. Hier ist ein [&hellip;]\" \/>\n<meta property=\"og:url\" content=\"https:\/\/office-walker.com\/de\/walking-pad-stromkosten-rechner\/\" \/>\n<meta property=\"og:site_name\" content=\"Office Walker\" \/>\n<meta property=\"article:modified_time\" content=\"2025-02-28T14:02:46+00:00\" \/>\n<meta property=\"og:image\" content=\"https:\/\/office-walker.com\/wp-content\/uploads\/2024\/08\/office-walker-manual-walking-pad-no-background.png\" \/>\n\t<meta property=\"og:image:width\" content=\"700\" \/>\n\t<meta property=\"og:image:height\" content=\"299\" \/>\n\t<meta property=\"og:image:type\" content=\"image\/png\" \/>\n<meta name=\"twitter:card\" content=\"summary_large_image\" \/>\n<meta name=\"twitter:label1\" content=\"Gesch\u00e4tzte Lesezeit\" \/>\n\t<meta name=\"twitter:data1\" content=\"1\u00a0Minute\" \/>\n<script type=\"application\/ld+json\" class=\"yoast-schema-graph\">{\"@context\":\"https:\\\/\\\/schema.org\",\"@graph\":[{\"@type\":\"WebPage\",\"@id\":\"https:\\\/\\\/office-walker.com\\\/de\\\/walking-pad-stromkosten-rechner\\\/\",\"url\":\"https:\\\/\\\/office-walker.com\\\/de\\\/walking-pad-stromkosten-rechner\\\/\",\"name\":\"Walking Pad - Stromkosten-Rechner - Office Walker\",\"isPartOf\":{\"@id\":\"https:\\\/\\\/office-walker.com\\\/de\\\/#website\"},\"datePublished\":\"2024-08-05T11:05:26+00:00\",\"dateModified\":\"2025-02-28T14:02:46+00:00\",\"breadcrumb\":{\"@id\":\"https:\\\/\\\/office-walker.com\\\/de\\\/walking-pad-stromkosten-rechner\\\/#breadcrumb\"},\"inLanguage\":\"de\",\"potentialAction\":[{\"@type\":\"ReadAction\",\"target\":[\"https:\\\/\\\/office-walker.com\\\/de\\\/walking-pad-stromkosten-rechner\\\/\"]}]},{\"@type\":\"BreadcrumbList\",\"@id\":\"https:\\\/\\\/office-walker.com\\\/de\\\/walking-pad-stromkosten-rechner\\\/#breadcrumb\",\"itemListElement\":[{\"@type\":\"ListItem\",\"position\":1,\"name\":\"Home\",\"item\":\"https:\\\/\\\/office-walker.com\\\/de\\\/\"},{\"@type\":\"ListItem\",\"position\":2,\"name\":\"Walking Pad &#8211; Stromkosten-Rechner\"}]},{\"@type\":\"WebSite\",\"@id\":\"https:\\\/\\\/office-walker.com\\\/de\\\/#website\",\"url\":\"https:\\\/\\\/office-walker.com\\\/de\\\/\",\"name\":\"Office Walker\",\"description\":\"The Manual Walking Pad - Silent, Durable, Simple\",\"publisher\":{\"@id\":\"https:\\\/\\\/office-walker.com\\\/de\\\/#organization\"},\"potentialAction\":[{\"@type\":\"SearchAction\",\"target\":{\"@type\":\"EntryPoint\",\"urlTemplate\":\"https:\\\/\\\/office-walker.com\\\/de\\\/?s={search_term_string}\"},\"query-input\":{\"@type\":\"PropertyValueSpecification\",\"valueRequired\":true,\"valueName\":\"search_term_string\"}}],\"inLanguage\":\"de\"},{\"@type\":\"Organization\",\"@id\":\"https:\\\/\\\/office-walker.com\\\/de\\\/#organization\",\"name\":\"Office Walker\",\"url\":\"https:\\\/\\\/office-walker.com\\\/de\\\/\",\"logo\":{\"@type\":\"ImageObject\",\"inLanguage\":\"de\",\"@id\":\"https:\\\/\\\/office-walker.com\\\/de\\\/#\\\/schema\\\/logo\\\/image\\\/\",\"url\":\"https:\\\/\\\/i0.wp.com\\\/office-walker.com\\\/wp-content\\\/uploads\\\/2024\\\/07\\\/3ea08eb8-4df9-4cdf-b8b7-f2e75e09177c-1.png?fit=410%2C410&ssl=1\",\"contentUrl\":\"https:\\\/\\\/i0.wp.com\\\/office-walker.com\\\/wp-content\\\/uploads\\\/2024\\\/07\\\/3ea08eb8-4df9-4cdf-b8b7-f2e75e09177c-1.png?fit=410%2C410&ssl=1\",\"width\":410,\"height\":410,\"caption\":\"Office Walker\"},\"image\":{\"@id\":\"https:\\\/\\\/office-walker.com\\\/de\\\/#\\\/schema\\\/logo\\\/image\\\/\"}}]}<\/script>\n<!-- \/ Yoast SEO plugin. -->","yoast_head_json":{"title":"Walking Pad - Stromkosten-Rechner - Office Walker","robots":{"index":"index","follow":"follow","max-snippet":"max-snippet:-1","max-image-preview":"max-image-preview:large","max-video-preview":"max-video-preview:-1"},"canonical":"https:\/\/office-walker.com\/de\/walking-pad-stromkosten-rechner\/","og_locale":"de_DE","og_type":"article","og_title":"Walking Pad - Stromkosten-Rechner - Office Walker","og_description":"Der Energieverbrauch eines Walking Pad oder Schreibtisch-Laufband variiert in der Regel je nach Modell und Nutzungsintensit\u00e4t. Im Durchschnitt verbraucht ein solches Laufband jedoch zwischen 0,3 kWh und 0,75 kWh pro Stunde. Hier ist eine Absch\u00e4tzung f\u00fcr verschiedene Szenarien: Je nach t\u00e4glicher Nutzung und Strompreisen k\u00f6nnen die j\u00e4hrlichen Kosten Hunderte von Euro betragen. Hier ist ein [&hellip;]","og_url":"https:\/\/office-walker.com\/de\/walking-pad-stromkosten-rechner\/","og_site_name":"Office Walker","article_modified_time":"2025-02-28T14:02:46+00:00","og_image":[{"width":700,"height":299,"url":"https:\/\/office-walker.com\/wp-content\/uploads\/2024\/08\/office-walker-manual-walking-pad-no-background.png","type":"image\/png"}],"twitter_card":"summary_large_image","twitter_misc":{"Gesch\u00e4tzte Lesezeit":"1\u00a0Minute"},"schema":{"@context":"https:\/\/schema.org","@graph":[{"@type":"WebPage","@id":"https:\/\/office-walker.com\/de\/walking-pad-stromkosten-rechner\/","url":"https:\/\/office-walker.com\/de\/walking-pad-stromkosten-rechner\/","name":"Walking Pad - Stromkosten-Rechner - Office Walker","isPartOf":{"@id":"https:\/\/office-walker.com\/de\/#website"},"datePublished":"2024-08-05T11:05:26+00:00","dateModified":"2025-02-28T14:02:46+00:00","breadcrumb":{"@id":"https:\/\/office-walker.com\/de\/walking-pad-stromkosten-rechner\/#breadcrumb"},"inLanguage":"de","potentialAction":[{"@type":"ReadAction","target":["https:\/\/office-walker.com\/de\/walking-pad-stromkosten-rechner\/"]}]},{"@type":"BreadcrumbList","@id":"https:\/\/office-walker.com\/de\/walking-pad-stromkosten-rechner\/#breadcrumb","itemListElement":[{"@type":"ListItem","position":1,"name":"Home","item":"https:\/\/office-walker.com\/de\/"},{"@type":"ListItem","position":2,"name":"Walking Pad &#8211; Stromkosten-Rechner"}]},{"@type":"WebSite","@id":"https:\/\/office-walker.com\/de\/#website","url":"https:\/\/office-walker.com\/de\/","name":"Office Walker","description":"The Manual Walking Pad - Silent, Durable, Simple","publisher":{"@id":"https:\/\/office-walker.com\/de\/#organization"},"potentialAction":[{"@type":"SearchAction","target":{"@type":"EntryPoint","urlTemplate":"https:\/\/office-walker.com\/de\/?s={search_term_string}"},"query-input":{"@type":"PropertyValueSpecification","valueRequired":true,"valueName":"search_term_string"}}],"inLanguage":"de"},{"@type":"Organization","@id":"https:\/\/office-walker.com\/de\/#organization","name":"Office Walker","url":"https:\/\/office-walker.com\/de\/","logo":{"@type":"ImageObject","inLanguage":"de","@id":"https:\/\/office-walker.com\/de\/#\/schema\/logo\/image\/","url":"https:\/\/i0.wp.com\/office-walker.com\/wp-content\/uploads\/2024\/07\/3ea08eb8-4df9-4cdf-b8b7-f2e75e09177c-1.png?fit=410%2C410&ssl=1","contentUrl":"https:\/\/i0.wp.com\/office-walker.com\/wp-content\/uploads\/2024\/07\/3ea08eb8-4df9-4cdf-b8b7-f2e75e09177c-1.png?fit=410%2C410&ssl=1","width":410,"height":410,"caption":"Office Walker"},"image":{"@id":"https:\/\/office-walker.com\/de\/#\/schema\/logo\/image\/"}}]}},"jetpack_likes_enabled":true,"jetpack_sharing_enabled":true,"jetpack_shortlink":"https:\/\/wp.me\/PfU9Fb-2V","jetpack-related-posts":[],"_links":{"self":[{"href":"https:\/\/office-walker.com\/de\/wp-json\/wp\/v2\/pages\/181","targetHints":{"allow":["GET"]}}],"collection":[{"href":"https:\/\/office-walker.com\/de\/wp-json\/wp\/v2\/pages"}],"about":[{"href":"https:\/\/office-walker.com\/de\/wp-json\/wp\/v2\/types\/page"}],"author":[{"embeddable":true,"href":"https:\/\/office-walker.com\/de\/wp-json\/wp\/v2\/users\/253102981"}],"replies":[{"embeddable":true,"href":"https:\/\/office-walker.com\/de\/wp-json\/wp\/v2\/comments?post=181"}],"version-history":[{"count":9,"href":"https:\/\/office-walker.com\/de\/wp-json\/wp\/v2\/pages\/181\/revisions"}],"predecessor-version":[{"id":591,"href":"https:\/\/office-walker.com\/de\/wp-json\/wp\/v2\/pages\/181\/revisions\/591"}],"wp:attachment":[{"href":"https:\/\/office-walker.com\/de\/wp-json\/wp\/v2\/media?parent=181"}],"curies":[{"name":"wp","href":"https:\/\/api.w.org\/{rel}","templated":true}]}}